{"id":6259,"date":"2023-05-27T13:36:29","date_gmt":"2023-05-27T11:36:29","guid":{"rendered":"https:\/\/www.klimmer-gmbh.de\/?page_id=6259"},"modified":"2026-01-26T11:56:01","modified_gmt":"2026-01-26T10:56:01","slug":"qualitaet-und-umwelt","status":"publish","type":"page","link":"https:\/\/www.klimmer-gmbh.de\/de\/unternehmen\/qualitaet-und-umwelt\/","title":{"rendered":"Qualit\u00e4t und Umwelt"},"content":{"rendered":"\n<style type=\"text\/css\" data-created_by=\"avia_inline_auto\" id=\"style-css-av-li723ucc-fe264ab4fc8036759ef9691991474962\">\n.avia-section.av-li723ucc-fe264ab4fc8036759ef9691991474962{\nbackground-repeat:no-repeat;\nbackground-image:url(https:\/\/www.klimmer-gmbh.de\/wp-content\/uploads\/2023\/05\/Klimmer-Top-Banner-Q-U.jpg);\nbackground-position:50% 0%;\nbackground-attachment:scroll;\n}\n<\/style>\n<div id='special-teaser-section'  class='avia-section av-li723ucc-fe264ab4fc8036759ef9691991474962 main_color avia-section-default avia-no-border-styling  avia-builder-el-0  el_before_av_section  avia-builder-el-first  avia-full-stretch avia-bg-style-scroll av-minimum-height av-minimum-height-custom av-height-custom  container_wrap fullsize'  data-section-bg-repeat='stretch' data-av_minimum_height_px='600'><div class='container av-section-cont-open' style='height:600px'><main  role=\"main\" itemprop=\"mainContentOfPage\"  class='template-page content  av-content-full alpha units'><div class='post-entry post-entry-type-page post-entry-6259'><div class='entry-content-wrapper clearfix'>\n\n<style type=\"text\/css\" data-created_by=\"avia_inline_auto\" id=\"style-css-av-fetcbn-48eb254c46f82c66a9e7b683d22b7f14\">\n.flex_column.av-fetcbn-48eb254c46f82c66a9e7b683d22b7f14{\nborder-radius:0px 0px 0px 0px;\npadding:0px 0px 0px 0px;\n}\n<\/style>\n<div  id=\"special-teaser\"  class='flex_column av-fetcbn-48eb254c46f82c66a9e7b683d22b7f14 av_one_full  avia-builder-el-1  avia-builder-el-no-sibling  first flex_column_div av-zero-column-padding  '     ><style type=\"text\/css\" data-created_by=\"avia_inline_auto\" id=\"style-css-av-li724enb-60e1ea0df8789993c92666a6bd42bdf5\">\n#top .av-special-heading.av-li724enb-60e1ea0df8789993c92666a6bd42bdf5{\npadding-bottom:10px;\n}\nbody .av-special-heading.av-li724enb-60e1ea0df8789993c92666a6bd42bdf5 .av-special-heading-tag .heading-char{\nfont-size:25px;\n}\n.av-special-heading.av-li724enb-60e1ea0df8789993c92666a6bd42bdf5 .av-subheading{\nfont-size:15px;\n}\n<\/style>\n<div  id=\"teaser-headline\"  class='av-special-heading av-li724enb-60e1ea0df8789993c92666a6bd42bdf5 av-special-heading-h1 blockquote modern-quote  avia-builder-el-2  avia-builder-el-no-sibling '><h1 class='av-special-heading-tag '  itemprop=\"headline\"  > Qualit\u00e4t und Umwelt.<\/h1><div class=\"special-heading-border\"><div class=\"special-heading-inner-border\"><\/div><\/div><\/div><\/div>\n\n<\/div><\/div><\/main><!-- close content main element --><\/div><\/div><div id='av_section_2'  class='avia-section av-eeojmb-ee383c5f4728f732f30b185d0fed0f1b main_color avia-section-default avia-no-border-styling  avia-builder-el-3  el_after_av_section  el_before_av_section  avia-bg-style-scroll container_wrap fullsize'  ><div class='container av-section-cont-open' ><div class='template-page content  av-content-full alpha units'><div class='post-entry post-entry-type-page post-entry-6259'><div class='entry-content-wrapper clearfix'>\n<section  class='av_textblock_section av-18l2lv-0c0ab5ddd1a4b27648259a95da948125 '   itemscope=\"itemscope\" itemtype=\"https:\/\/schema.org\/CreativeWork\" ><div class='avia_textblock'  itemprop=\"text\" ><div class=\"breadcrumb breadcrumbs avia-breadcrumbs\"><div class=\"breadcrumb-trail\" ><span class=\"trail-before\"><span class=\"breadcrumb-title\">Du bist hier:<\/span><\/span> <span  itemscope=\"itemscope\" itemtype=\"https:\/\/schema.org\/BreadcrumbList\" ><span  itemscope=\"itemscope\" itemtype=\"https:\/\/schema.org\/ListItem\" itemprop=\"itemListElement\" ><a itemprop=\"url\" href=\"https:\/\/www.klimmer-gmbh.de\/de\/\" title=\"Klimmer GmbH\" rel=\"home\" class=\"trail-begin\"><span itemprop=\"name\">Startseite<\/span><\/a><span itemprop=\"position\" class=\"hidden\">1<\/span><\/span><\/span><\/div><\/div>\n<\/div><\/section>\n\n<style type=\"text\/css\" data-created_by=\"avia_inline_auto\" id=\"style-css-av-b9o1kj-e13444d849002b643e32628ef474f83f\">\n.flex_column.av-b9o1kj-e13444d849002b643e32628ef474f83f{\nborder-radius:0px 0px 0px 0px;\npadding:0px 0px 0px 0px;\n}\n<\/style>\n<div  class='flex_column av-b9o1kj-e13444d849002b643e32628ef474f83f av_one_half  avia-builder-el-5  el_after_av_textblock  avia-builder-el-last  first flex_column_div av-zero-column-padding  column-top-margin'     ><p>\n<style type=\"text\/css\" data-created_by=\"avia_inline_auto\" id=\"style-css-av-9rx12r-d6e7475e6ea87cf937cfb0b3f1e6f83a\">\n#top .hr.av-9rx12r-d6e7475e6ea87cf937cfb0b3f1e6f83a{\nmargin-top:0px;\nmargin-bottom:0px;\n}\n.hr.av-9rx12r-d6e7475e6ea87cf937cfb0b3f1e6f83a .hr-inner{\nwidth:100%;\nborder-color:#1e80c2;\n}\n<\/style>\n<div  id=\"custom-hr-line-blue\"  class='hr av-9rx12r-d6e7475e6ea87cf937cfb0b3f1e6f83a hr-custom  avia-builder-el-6  el_before_av_heading  avia-builder-el-first  hr-center hr-icon-no'><span class='hr-inner inner-border-av-border-fat'><span class=\"hr-inner-style\"><\/span><\/span><\/div><br \/>\n\n<style type=\"text\/css\" data-created_by=\"avia_inline_auto\" id=\"style-css-av-li726fcx-3e7aa77f414556f3d1ab2a608affb8ad\">\n#top .av-special-heading.av-li726fcx-3e7aa77f414556f3d1ab2a608affb8ad{\npadding-bottom:10px;\n}\nbody .av-special-heading.av-li726fcx-3e7aa77f414556f3d1ab2a608affb8ad .av-special-heading-tag .heading-char{\nfont-size:25px;\n}\n.av-special-heading.av-li726fcx-3e7aa77f414556f3d1ab2a608affb8ad .av-subheading{\nfont-size:15px;\n}\n<\/style>\n<div  id=\"heading-no-top\"  class='av-special-heading av-li726fcx-3e7aa77f414556f3d1ab2a608affb8ad av-special-heading-h4 blockquote modern-quote  avia-builder-el-7  el_after_av_hr  avia-builder-el-last '><h4 class='av-special-heading-tag '  itemprop=\"headline\"  > Qualit\u00e4t und Umwelt. <\/h4><div class=\"special-heading-border\"><div class=\"special-heading-inner-border\"><\/div><\/div><\/div><\/p><\/div>\n\n<\/div><\/div><\/div><!-- close content main div --><\/div><\/div><div id='av_section_3'  class='avia-section av-6t30ab-ab3350df102bd96077f46eae0d3eac0f main_color avia-section-default avia-no-border-styling  avia-builder-el-8  el_after_av_section  avia-builder-el-last  avia-bg-style-scroll container_wrap fullsize'  ><div class='container av-section-cont-open' ><div class='template-page content  av-content-full alpha units'><div class='post-entry post-entry-type-page post-entry-6259'><div class='entry-content-wrapper clearfix'>\n<div class='flex_column_table av-65w69v-b159769b2ce2e7eed5cfefdc824f7e14 sc-av_one_half av-equal-height-column-flextable'>\n<style type=\"text\/css\" data-created_by=\"avia_inline_auto\" id=\"style-css-av-65w69v-b159769b2ce2e7eed5cfefdc824f7e14\">\n.flex_column.av-65w69v-b159769b2ce2e7eed5cfefdc824f7e14{\nborder-radius:0px 0px 0px 0px;\npadding:0px 0px 0px 0px;\n}\n<\/style>\n<div  class='flex_column av-65w69v-b159769b2ce2e7eed5cfefdc824f7e14 av_one_half  avia-builder-el-9  el_before_av_one_half  avia-builder-el-first  first flex_column_table_cell av-equal-height-column av-align-top av-zero-column-padding  '     ><style type=\"text\/css\" data-created_by=\"avia_inline_auto\" id=\"style-css-av-li7219um-4a076a348d24897d78c995b5823203f7\">\n.avia-image-container.av-li7219um-4a076a348d24897d78c995b5823203f7 img.avia_image{\nbox-shadow:none;\n}\n.avia-image-container.av-li7219um-4a076a348d24897d78c995b5823203f7 .av-image-caption-overlay-center{\ncolor:#ffffff;\n}\n<\/style>\n<div  class='avia-image-container av-li7219um-4a076a348d24897d78c995b5823203f7 av-styling- avia-align-center  avia-builder-el-10  avia-builder-el-no-sibling '   itemprop=\"image\" itemscope=\"itemscope\" itemtype=\"https:\/\/schema.org\/ImageObject\" ><div class=\"avia-image-container-inner\"><div class=\"avia-image-overlay-wrap\"><img decoding=\"async\" fetchpriority=\"high\" class='wp-image-6508 avia-img-lazy-loading-not-6508 avia_image ' src=\"https:\/\/www.klimmer-gmbh.de\/wp-content\/uploads\/2023\/05\/Klimmer-logo-outside.jpg\" alt='' title='Klimmer-logo-outside'  height=\"1050\" width=\"1250\"  itemprop=\"thumbnailUrl\" srcset=\"https:\/\/www.klimmer-gmbh.de\/wp-content\/uploads\/2023\/05\/Klimmer-logo-outside.jpg 1250w, https:\/\/www.klimmer-gmbh.de\/wp-content\/uploads\/2023\/05\/Klimmer-logo-outside-300x252.jpg 300w, https:\/\/www.klimmer-gmbh.de\/wp-content\/uploads\/2023\/05\/Klimmer-logo-outside-1030x865.jpg 1030w, https:\/\/www.klimmer-gmbh.de\/wp-content\/uploads\/2023\/05\/Klimmer-logo-outside-768x645.jpg 768w\" sizes=\"(max-width: 1250px) 100vw, 1250px\" \/><\/div><\/div><\/div><\/div><div class='av-flex-placeholder'><\/div>\n<style type=\"text\/css\" data-created_by=\"avia_inline_auto\" id=\"style-css-av-40iohv-619a15ac571b969a06efdd9c9492f5b3\">\n.flex_column.av-40iohv-619a15ac571b969a06efdd9c9492f5b3{\nborder-radius:0px 0px 0px 0px;\npadding:0px 0px 0px 0px;\n}\n<\/style>\n<div  class='flex_column av-40iohv-619a15ac571b969a06efdd9c9492f5b3 av_one_half  avia-builder-el-11  el_after_av_one_half  avia-builder-el-last  flex_column_table_cell av-equal-height-column av-align-top av-zero-column-padding  '     ><p>\n<style type=\"text\/css\" data-created_by=\"avia_inline_auto\" id=\"style-css-av-23iywz-9ddc92f0ab20d2831eb0ea73b57664bf\">\n#top .av-special-heading.av-23iywz-9ddc92f0ab20d2831eb0ea73b57664bf{\npadding-bottom:10px;\n}\nbody .av-special-heading.av-23iywz-9ddc92f0ab20d2831eb0ea73b57664bf .av-special-heading-tag .heading-char{\nfont-size:25px;\n}\n.av-special-heading.av-23iywz-9ddc92f0ab20d2831eb0ea73b57664bf .av-subheading{\nfont-size:15px;\n}\n<\/style>\n<div  id=\"specialfont-right\"  class='av-special-heading av-23iywz-9ddc92f0ab20d2831eb0ea73b57664bf av-special-heading-h3 blockquote modern-quote  avia-builder-el-12  el_before_av_textblock  avia-builder-el-first '><h3 class='av-special-heading-tag '  itemprop=\"headline\"  >Zertifiziertes Qualit\u00e4ts- und Umweltmanagement.<\/h3><div class=\"special-heading-border\"><div class=\"special-heading-inner-border\"><\/div><\/div><\/div><br \/>\n<section  class='av_textblock_section av-li7272u9-c042471e1522ed8b3419491db6a49760 '   itemscope=\"itemscope\" itemtype=\"https:\/\/schema.org\/CreativeWork\" ><div class='avia_textblock'  itemprop=\"text\" ><p>Die hohen Qualit\u00e4ts- und Umweltanspr\u00fcche unserer Kunden, der Beh\u00f6rden und der Gesellschaft an unsere Produkte und Produktionsanlagen sind wesentlicher Teil unserer Unternehmensgrunds\u00e4tze.<\/p>\n<p>F\u00fcr unsere Kunden wollen wir nachhaltig ein verl\u00e4sslicher Partner sein. Um dies zu gew\u00e4hrleisten, streben wir ein langfristiges und stabiles Wachstum an. Dies gew\u00e4hrleisten wir durch Innovationskraft, Kundenn\u00e4he, Vielseitigkeit und nachhaltigem Handeln.<\/p>\n<p>Zum nachhaltigen Handeln geh\u00f6rt f\u00fcr uns die Einhaltung der rechtlichen Anforderungen bez\u00fcglich Umwelt und Energie ebenso, wie die Einhaltung ethischer und sozialer Standards, wie wir sie in unseren Compliance-Richtlinien festgeschrieben haben.<\/p>\n<p>Mit Hilfe unseres integrierten Managementsystems (IMS) verbessern wir uns fortlaufend. Wir verbessern kontinuierlich unsere Umweltleistung, vermeiden Umweltbelastungen und optimieren die Energieeffizienz unserer Anlagen. Bei der Beschaffung und Auslegung von Anlagen, Produkten und Dienstleistungen achten wir darauf, dass diese zur Verbesserung unserer energiebezogenen Leistung beitragen. Wir bekennen uns zu den Klimazielen der Europ\u00e4ischen Union. Wir wollen unseren Beitrag leisten, um die Emissionen der Treibhausgase soweit wie m\u00f6glich zu reduzieren.<\/p>\n<p>All dies erreichen wir durch ein hohes Ma\u00df an Kompetenz, Bewusstsein und Eigenverantwortung unserer Mitarbeiter und F\u00fchrungskr\u00e4fte die wir fortlaufend aktiv st\u00e4rken. Sie pr\u00e4gen die Themen Qualit\u00e4t, Energie, Umwelt und Nachhaltigkeit<br \/>\ndurch ihr pers\u00f6nliches Verhalten.<\/p>\n<p>S\u00e4mtliche Produkte, Prozesse und Verfahren werden unter den Gesichtspunkten \u201eQualit\u00e4t\u201c, \u201eUmwelt\u201c, \u201eEnergieverbrauch\u201c\u00a0und \u201eArbeitssicherheit\u201c im Planungsumfeld und an den Arbeitspl\u00e4tzen beurteilt.<\/p>\n<p>Wir f\u00fchren Gef\u00e4hrdungsanalysen durch und beseitigen erkannte Fehler. Wir ermitteln die Qualit\u00e4ts-, Energie- und Umweltaspekte im Unternehmen und leiten daraus entsprechende Ziele ab. Dadurch gew\u00e4hrleisten wir eine fortlaufende Verbesserung in den Bereichen Qualit\u00e4t, Umwelt und energiebezogener Leistung. F\u00fcr die Erreichung der Ziele werden die entsprechenden Ressourcen von der Unternehmensleitung zur Verf\u00fcgung gestellt. Bei der Beschaffung von Produkten, Dienstleistungen und Anlagen streben wir grunds\u00e4tzlich eine Verbesserung der Energieeffizienz an.<\/p>\n<p>Ebenso verpflichten wir uns, unsere Lieferanten, Dienstleistungsunternehmen und die am Standort zeitweilig t\u00e4tigen Personen \u00fcber die Qualit\u00e4ts-, Energie- und Umweltpolitik zu informieren und in unser Qualit\u00e4ts-,\u00a0Energie-und Umweltmanagement einzubeziehen.<\/p>\n<p>F\u00fcr alle Bereiche, Produkte und Dienstleistungen unseres Unternehmens sind die zutreffenden Elemente der IATF 16949,\u00a0 DIN EN ISO 14001 und DIN EN ISO 50001 g\u00fcltig.<\/p>\n<\/div><\/section><br \/>\n\n<style type=\"text\/css\" data-created_by=\"avia_inline_auto\" id=\"style-css-av-li7252wx-faac8f930182dab71e417f152171e188\">\n#top .av-special-heading.av-li7252wx-faac8f930182dab71e417f152171e188{\npadding-bottom:10px;\n}\nbody .av-special-heading.av-li7252wx-faac8f930182dab71e417f152171e188 .av-special-heading-tag .heading-char{\nfont-size:25px;\n}\n.av-special-heading.av-li7252wx-faac8f930182dab71e417f152171e188 .av-subheading{\nfont-size:15px;\n}\n<\/style>\n<div  id=\"specialfont-right\"  class='av-special-heading av-li7252wx-faac8f930182dab71e417f152171e188 av-special-heading-h3 blockquote modern-quote  avia-builder-el-14  el_after_av_textblock  el_before_av_textblock '><h3 class='av-special-heading-tag '  itemprop=\"headline\"  >Mit Brief und Siegel.<\/h3><div class=\"special-heading-border\"><div class=\"special-heading-inner-border\"><\/div><\/div><\/div><br \/>\n<section  class='av_textblock_section av-li728s7h-73a5f2022d71864517520537c1800a43 '   itemscope=\"itemscope\" itemtype=\"https:\/\/schema.org\/CreativeWork\" ><div class='avia_textblock'  itemprop=\"text\" ><p>Unser Unternehmen ist\u00a0gem\u00e4\u00df IATF 16949 und ISO 9001 zertifiziert.<\/p>\n<p><a title=\"\" href=\"https:\/\/www.klimmer-gmbh.de\/wp-content\/uploads\/2024\/06\/19818msIATF_de.pdf\" target=\"_blank\" rel=\"noopener\">IATF 16949<\/a><\/p>\n<p><a title=\"\" href=\"\/wp-content\/uploads\/2024\/06\/56116ms_de.pdf\" target=\"_blank\" rel=\"noopener\">ISO 9001<\/a><\/p>\n<\/div><\/section><br \/>\n\n<style type=\"text\/css\" data-created_by=\"avia_inline_auto\" id=\"style-css-av-lj71utng-098187730f31797325e92f31f68e1b4c\">\n#top .hr.hr-invisible.av-lj71utng-098187730f31797325e92f31f68e1b4c{\nheight:30px;\n}\n<\/style>\n<div  class='hr av-lj71utng-098187730f31797325e92f31f68e1b4c hr-invisible  avia-builder-el-16  el_after_av_textblock  el_before_av_textblock '><span class='hr-inner '><span class=\"hr-inner-style\"><\/span><\/span><\/div><br \/>\n<section  class='av_textblock_section av-lj71uj2t-d0ffaadd681676586491c5f509f1cf3a '   itemscope=\"itemscope\" itemtype=\"https:\/\/schema.org\/CreativeWork\" ><div class='avia_textblock'  itemprop=\"text\" ><p>Unser Umweltmanagement ist gem\u00e4\u00df ISO 14001\u00a0zertifiziert.<\/p>\n<p><a title=\"\" href=\"https:\/\/www.klimmer-gmbh.de\/wp-content\/uploads\/2024\/02\/Umweltmanagementsystem-2024-02-ISO14001.pdf\" target=\"_blank\" rel=\"noopener\">Umweltmanagementsystem ISO 14001<\/a><\/p>\n<\/div><\/section><br \/>\n\n<style type=\"text\/css\" data-created_by=\"avia_inline_auto\" id=\"style-css-av-lj71v1jx-a693cdfc83ac2effa516741d177e86e6\">\n#top .hr.hr-invisible.av-lj71v1jx-a693cdfc83ac2effa516741d177e86e6{\nheight:30px;\n}\n<\/style>\n<div  class='hr av-lj71v1jx-a693cdfc83ac2effa516741d177e86e6 hr-invisible  avia-builder-el-18  el_after_av_textblock  el_before_av_textblock '><span class='hr-inner '><span class=\"hr-inner-style\"><\/span><\/span><\/div><br \/>\n<section  class='av_textblock_section av-lj71v891-3312d5946865d7dc7f82b9171fa866c3 '   itemscope=\"itemscope\" itemtype=\"https:\/\/schema.org\/CreativeWork\" ><div class='avia_textblock'  itemprop=\"text\" ><p>Im Energiemanagement sind wir zudem nach ISO 50001 zertifiziert.<\/p>\n<p><a title=\"\" href=\"https:\/\/www.klimmer-gmbh.de\/wp-content\/uploads\/2024\/02\/Energiemanagementsystem-2024-02-ISO50001.pdf\" target=\"_blank\" rel=\"noopener\">Energiemanagementsystem ISO 50001<\/a><\/p>\n<\/div><\/section><\/p><\/div><\/div><!--close column table wrapper. Autoclose: 1 -->\n","protected":false},"excerpt":{"rendered":"","protected":false},"author":1,"featured_media":0,"parent":2797,"menu_order":0,"comment_status":"closed","ping_status":"closed","template":"","meta":{"inline_featured_image":false,"footnotes":""},"class_list":["post-6259","page","type-page","status-publish","hentry"],"yoast_head":"<!-- This site is optimized with the Yoast SEO plugin v26.8 - https:\/\/yoast.com\/product\/yoast-seo-wordpress\/ -->\n<title>Qualit\u00e4t und Umwelt - Ernst Klimmer GmbH<\/title>\n<meta name=\"description\" content=\"Zertifizierte Prozesse und nachhaltiges Handeln \u2013 Qualit\u00e4t, auf die Sie sich verlassen k\u00f6nnen.\" \/>\n<meta name=\"robots\" content=\"index, follow, max-snippet:-1, max-image-preview:large, max-video-preview:-1\" \/>\n<link rel=\"canonical\" href=\"https:\/\/www.klimmer-gmbh.de\/de\/unternehmen\/qualitaet-und-umwelt\/\" \/>\n<meta property=\"og:locale\" content=\"de_DE\" \/>\n<meta property=\"og:type\" content=\"article\" \/>\n<meta property=\"og:title\" content=\"Qualit\u00e4t und Umwelt - Ernst Klimmer GmbH\" \/>\n<meta property=\"og:description\" content=\"Zertifizierte Prozesse und nachhaltiges Handeln \u2013 Qualit\u00e4t, auf die Sie sich verlassen k\u00f6nnen.\" \/>\n<meta property=\"og:url\" content=\"https:\/\/www.klimmer-gmbh.de\/de\/unternehmen\/qualitaet-und-umwelt\/\" \/>\n<meta property=\"og:site_name\" content=\"Klimmer GmbH\" \/>\n<meta property=\"article:modified_time\" content=\"2026-01-26T10:56:01+00:00\" \/>\n<meta name=\"twitter:card\" content=\"summary_large_image\" \/>\n<meta name=\"twitter:label1\" content=\"Gesch\u00e4tzte Lesezeit\" \/>\n\t<meta name=\"twitter:data1\" content=\"3\u00a0Minuten\" \/>\n<script type=\"application\/ld+json\" class=\"yoast-schema-graph\">{\"@context\":\"https:\/\/schema.org\",\"@graph\":[{\"@type\":\"WebPage\",\"@id\":\"https:\/\/www.klimmer-gmbh.de\/de\/unternehmen\/qualitaet-und-umwelt\/\",\"url\":\"https:\/\/www.klimmer-gmbh.de\/de\/unternehmen\/qualitaet-und-umwelt\/\",\"name\":\"Qualit\u00e4t und Umwelt - Ernst Klimmer GmbH\",\"isPartOf\":{\"@id\":\"https:\/\/www.klimmer-gmbh.de\/de\/#website\"},\"datePublished\":\"2023-05-27T11:36:29+00:00\",\"dateModified\":\"2026-01-26T10:56:01+00:00\",\"description\":\"Zertifizierte Prozesse und nachhaltiges Handeln \u2013 Qualit\u00e4t, auf die Sie sich verlassen k\u00f6nnen.\",\"breadcrumb\":{\"@id\":\"https:\/\/www.klimmer-gmbh.de\/de\/unternehmen\/qualitaet-und-umwelt\/#breadcrumb\"},\"inLanguage\":\"de\",\"potentialAction\":[{\"@type\":\"ReadAction\",\"target\":[\"https:\/\/www.klimmer-gmbh.de\/de\/unternehmen\/qualitaet-und-umwelt\/\"]}]},{\"@type\":\"BreadcrumbList\",\"@id\":\"https:\/\/www.klimmer-gmbh.de\/de\/unternehmen\/qualitaet-und-umwelt\/#breadcrumb\",\"itemListElement\":[{\"@type\":\"ListItem\",\"position\":1,\"name\":\"Startseite\",\"item\":\"https:\/\/www.klimmer-gmbh.de\/de\/startseite\/\"},{\"@type\":\"ListItem\",\"position\":2,\"name\":\"Unternehmen\",\"item\":\"https:\/\/www.klimmer-gmbh.de\/de\/unternehmen\/\"},{\"@type\":\"ListItem\",\"position\":3,\"name\":\"Qualit\u00e4t und Umwelt\"}]},{\"@type\":\"WebSite\",\"@id\":\"https:\/\/www.klimmer-gmbh.de\/de\/#website\",\"url\":\"https:\/\/www.klimmer-gmbh.de\/de\/\",\"name\":\"Klimmer GmbH\",\"description\":\"\",\"publisher\":{\"@id\":\"https:\/\/www.klimmer-gmbh.de\/de\/#organization\"},\"potentialAction\":[{\"@type\":\"SearchAction\",\"target\":{\"@type\":\"EntryPoint\",\"urlTemplate\":\"https:\/\/www.klimmer-gmbh.de\/de\/?s={search_term_string}\"},\"query-input\":{\"@type\":\"PropertyValueSpecification\",\"valueRequired\":true,\"valueName\":\"search_term_string\"}}],\"inLanguage\":\"de\"},{\"@type\":\"Organization\",\"@id\":\"https:\/\/www.klimmer-gmbh.de\/de\/#organization\",\"name\":\"BSB BWB\",\"url\":\"https:\/\/www.klimmer-gmbh.de\/de\/\",\"logo\":{\"@type\":\"ImageObject\",\"inLanguage\":\"de\",\"@id\":\"https:\/\/www.klimmer-gmbh.de\/de\/#\/schema\/logo\/image\/\",\"url\":\"https:\/\/www.klimmer-gmbh.de\/wp-content\/uploads\/2023\/05\/klimmergmbhde.svg\",\"contentUrl\":\"https:\/\/www.klimmer-gmbh.de\/wp-content\/uploads\/2023\/05\/klimmergmbhde.svg\",\"width\":\"1030\",\"height\":\"1030\",\"caption\":\"BSB BWB\"},\"image\":{\"@id\":\"https:\/\/www.klimmer-gmbh.de\/de\/#\/schema\/logo\/image\/\"}}]}<\/script>\n<!-- \/ Yoast SEO plugin. -->","yoast_head_json":{"title":"Qualit\u00e4t und Umwelt - Ernst Klimmer GmbH","description":"Zertifizierte Prozesse und nachhaltiges Handeln \u2013 Qualit\u00e4t, auf die Sie sich verlassen k\u00f6nnen.","robots":{"index":"index","follow":"follow","max-snippet":"max-snippet:-1","max-image-preview":"max-image-preview:large","max-video-preview":"max-video-preview:-1"},"canonical":"https:\/\/www.klimmer-gmbh.de\/de\/unternehmen\/qualitaet-und-umwelt\/","og_locale":"de_DE","og_type":"article","og_title":"Qualit\u00e4t und Umwelt - Ernst Klimmer GmbH","og_description":"Zertifizierte Prozesse und nachhaltiges Handeln \u2013 Qualit\u00e4t, auf die Sie sich verlassen k\u00f6nnen.","og_url":"https:\/\/www.klimmer-gmbh.de\/de\/unternehmen\/qualitaet-und-umwelt\/","og_site_name":"Klimmer GmbH","article_modified_time":"2026-01-26T10:56:01+00:00","twitter_card":"summary_large_image","twitter_misc":{"Gesch\u00e4tzte Lesezeit":"3\u00a0Minuten"},"schema":{"@context":"https:\/\/schema.org","@graph":[{"@type":"WebPage","@id":"https:\/\/www.klimmer-gmbh.de\/de\/unternehmen\/qualitaet-und-umwelt\/","url":"https:\/\/www.klimmer-gmbh.de\/de\/unternehmen\/qualitaet-und-umwelt\/","name":"Qualit\u00e4t und Umwelt - Ernst Klimmer GmbH","isPartOf":{"@id":"https:\/\/www.klimmer-gmbh.de\/de\/#website"},"datePublished":"2023-05-27T11:36:29+00:00","dateModified":"2026-01-26T10:56:01+00:00","description":"Zertifizierte Prozesse und nachhaltiges Handeln \u2013 Qualit\u00e4t, auf die Sie sich verlassen k\u00f6nnen.","breadcrumb":{"@id":"https:\/\/www.klimmer-gmbh.de\/de\/unternehmen\/qualitaet-und-umwelt\/#breadcrumb"},"inLanguage":"de","potentialAction":[{"@type":"ReadAction","target":["https:\/\/www.klimmer-gmbh.de\/de\/unternehmen\/qualitaet-und-umwelt\/"]}]},{"@type":"BreadcrumbList","@id":"https:\/\/www.klimmer-gmbh.de\/de\/unternehmen\/qualitaet-und-umwelt\/#breadcrumb","itemListElement":[{"@type":"ListItem","position":1,"name":"Startseite","item":"https:\/\/www.klimmer-gmbh.de\/de\/startseite\/"},{"@type":"ListItem","position":2,"name":"Unternehmen","item":"https:\/\/www.klimmer-gmbh.de\/de\/unternehmen\/"},{"@type":"ListItem","position":3,"name":"Qualit\u00e4t und Umwelt"}]},{"@type":"WebSite","@id":"https:\/\/www.klimmer-gmbh.de\/de\/#website","url":"https:\/\/www.klimmer-gmbh.de\/de\/","name":"Klimmer GmbH","description":"","publisher":{"@id":"https:\/\/www.klimmer-gmbh.de\/de\/#organization"},"potentialAction":[{"@type":"SearchAction","target":{"@type":"EntryPoint","urlTemplate":"https:\/\/www.klimmer-gmbh.de\/de\/?s={search_term_string}"},"query-input":{"@type":"PropertyValueSpecification","valueRequired":true,"valueName":"search_term_string"}}],"inLanguage":"de"},{"@type":"Organization","@id":"https:\/\/www.klimmer-gmbh.de\/de\/#organization","name":"BSB BWB","url":"https:\/\/www.klimmer-gmbh.de\/de\/","logo":{"@type":"ImageObject","inLanguage":"de","@id":"https:\/\/www.klimmer-gmbh.de\/de\/#\/schema\/logo\/image\/","url":"https:\/\/www.klimmer-gmbh.de\/wp-content\/uploads\/2023\/05\/klimmergmbhde.svg","contentUrl":"https:\/\/www.klimmer-gmbh.de\/wp-content\/uploads\/2023\/05\/klimmergmbhde.svg","width":"1030","height":"1030","caption":"BSB BWB"},"image":{"@id":"https:\/\/www.klimmer-gmbh.de\/de\/#\/schema\/logo\/image\/"}}]}},"_links":{"self":[{"href":"https:\/\/www.klimmer-gmbh.de\/de\/wp-json\/wp\/v2\/pages\/6259","targetHints":{"allow":["GET"]}}],"collection":[{"href":"https:\/\/www.klimmer-gmbh.de\/de\/wp-json\/wp\/v2\/pages"}],"about":[{"href":"https:\/\/www.klimmer-gmbh.de\/de\/wp-json\/wp\/v2\/types\/page"}],"author":[{"embeddable":true,"href":"https:\/\/www.klimmer-gmbh.de\/de\/wp-json\/wp\/v2\/users\/1"}],"replies":[{"embeddable":true,"href":"https:\/\/www.klimmer-gmbh.de\/de\/wp-json\/wp\/v2\/comments?post=6259"}],"version-history":[{"count":25,"href":"https:\/\/www.klimmer-gmbh.de\/de\/wp-json\/wp\/v2\/pages\/6259\/revisions"}],"predecessor-version":[{"id":9276,"href":"https:\/\/www.klimmer-gmbh.de\/de\/wp-json\/wp\/v2\/pages\/6259\/revisions\/9276"}],"up":[{"embeddable":true,"href":"https:\/\/www.klimmer-gmbh.de\/de\/wp-json\/wp\/v2\/pages\/2797"}],"wp:attachment":[{"href":"https:\/\/www.klimmer-gmbh.de\/de\/wp-json\/wp\/v2\/media?parent=6259"}],"curies":[{"name":"wp","href":"https:\/\/api.w.org\/{rel}","templated":true}]}}